{"id":16,"date":"2017-07-21T14:45:16","date_gmt":"2017-07-21T14:45:16","guid":{"rendered":"https:\/\/timba.nics.unicamp.br\/?page_id=16"},"modified":"2017-10-16T16:15:12","modified_gmt":"2017-10-16T16:15:12","slug":"pesquisa","status":"publish","type":"page","link":"https:\/\/timba.nics.unicamp.br\/index.php\/pesquisa\/","title":{"rendered":"Junte-se a n\u00f3s!"},"content":{"rendered":"<p>Se voc\u00ea gostaria de fazer um projeto em alguma de nossas \u00e1reas, entre em contato. Em nosso time, atualmente temos alunos de inicia\u00e7\u00e3o cient\u00edfica, mestrado e doutorado.<\/p>\n<div id=\"ez-toc-container\" class=\"ez-toc-v2_0_82_2 counter-hierarchy ez-toc-counter ez-toc-transparent ez-toc-container-direction\">\n<p class=\"ez-toc-title\" style=\"cursor:inherit\">\u00cdndice<\/p>\n<label for=\"ez-toc-cssicon-toggle-item-69d493bc0d607\" class=\"ez-toc-cssicon-toggle-label\"><span class=\"\"><span class=\"eztoc-hide\" style=\"display:none;\">Toggle<\/span><span class=\"ez-toc-icon-toggle-span\"><svg style=\"fill: #999;color:#999\" xmlns=\"http:\/\/www.w3.org\/2000\/svg\" class=\"list-377408\" width=\"20px\" height=\"20px\" viewBox=\"0 0 24 24\" fill=\"none\"><path d=\"M6 6H4v2h2V6zm14 0H8v2h12V6zM4 11h2v2H4v-2zm16 0H8v2h12v-2zM4 16h2v2H4v-2zm16 0H8v2h12v-2z\" fill=\"currentColor\"><\/path><\/svg><svg style=\"fill: #999;color:#999\" class=\"arrow-unsorted-368013\" xmlns=\"http:\/\/www.w3.org\/2000\/svg\" width=\"10px\" height=\"10px\" viewBox=\"0 0 24 24\" version=\"1.2\" baseProfile=\"tiny\"><path d=\"M18.2 9.3l-6.2-6.3-6.2 6.3c-.2.2-.3.4-.3.7s.1.5.3.7c.2.2.4.3.7.3h11c.3 0 .5-.1.7-.3.2-.2.3-.5.3-.7s-.1-.5-.3-.7zM5.8 14.7l6.2 6.3 6.2-6.3c.2-.2.3-.5.3-.7s-.1-.5-.3-.7c-.2-.2-.4-.3-.7-.3h-11c-.3 0-.5.1-.7.3-.2.2-.3.5-.3.7s.1.5.3.7z\"\/><\/svg><\/span><\/span><\/label><input type=\"checkbox\"  id=\"ez-toc-cssicon-toggle-item-69d493bc0d607\"  aria-label=\"Alternar\" \/><nav><ul class='ez-toc-list ez-toc-list-level-1 ' ><li class='ez-toc-page-1 ez-toc-heading-level-1'><a class=\"ez-toc-link ez-toc-heading-1\" href=\"https:\/\/timba.nics.unicamp.br\/index.php\/pesquisa\/#Linhas_de_pesquisa\" >Linhas de pesquisa<\/a><\/li><li class='ez-toc-page-1 ez-toc-heading-level-1'><a class=\"ez-toc-link ez-toc-heading-2\" href=\"https:\/\/timba.nics.unicamp.br\/index.php\/pesquisa\/#Infra-estrutura\" >Infra-estrutura<\/a><\/li><\/ul><\/nav><\/div>\n<h1><span class=\"ez-toc-section\" id=\"Linhas_de_pesquisa\"><\/span>Linhas de pesquisa<span class=\"ez-toc-section-end\"><\/span><\/h1>\n<ul>\n<li>Processamento de Sinais Ac\u00fasticos, Psicoac\u00fastica, Ac\u00fastica de Ambientes e Realidade Virtual Ac\u00fastica: <a href=\"http:\/\/www.decom.fee.unicamp.br\/~masiero\">Bruno Masiero<\/a><\/li>\n<li>Escuta de M\u00e1quina e Novas Interfaces para Express\u00e3o Musical: <a href=\"http:\/\/www.dca.fee.unicamp.br\/~tavares\">Tiago Tavares<\/a><\/li>\n<li>S\u00edntese de \u00c1udio por Wavelets: <a href=\"http:\/\/www.dca.fee.unicamp.br\/~rafael\/\">Rafael Mendes<\/a><\/li>\n<\/ul>\n<h1><span class=\"ez-toc-section\" id=\"Infra-estrutura\"><\/span>Infra-estrutura<span class=\"ez-toc-section-end\"><\/span><\/h1>\n<p>Nossas pesquisas s\u00e3o realizadas nos seguintes laborat\u00f3rios:<\/p>\n<ul>\n<li>DSPCOM: Localizado na FEEC\/Unicamp, tem tradi\u00e7\u00e3o em projetos em telecomunica\u00e7\u00f5es e an\u00e1lises s\u00edsmicas. Possui computadores para desenvolvimento e servidores para execu\u00e7\u00e3o de tarefas pesadas.<\/li>\n<li><a href=\"http:\/\/www.nics.unicamp.br\/\" target=\"_blank\" rel=\"noopener\">NICS<\/a>: Localizado na Reitoria 3\/Unicamp. O NICS possui infra-estrutura de est\u00fadio multim\u00eddia, laborat\u00f3rio de eletr\u00f4nica e infra-estrutura de rede com servidor pr\u00f3prio.<\/li>\n<li><a href=\"http:\/\/www.fem.unicamp.br\/~lva\" target=\"_blank\" rel=\"noopener\">LVA<\/a>: Localizado na FEM\/Unicamp, tem tradi\u00e7\u00e3o em projetos de vibra\u00e7\u00f5es e ac\u00fastica. Conta com sistemas de aquisi\u00e7\u00e3o e tratamento de dados vibroac\u00fasticos e possui c\u00e2maras anec\u00f3ica e reverberante acopladas.<\/li>\n<\/ul>\n","protected":false},"excerpt":{"rendered":"<p>Se voc\u00ea gostaria de fazer um projeto em alguma de nossas \u00e1reas, entre em contato. Em nosso time, atualmente temos alunos de inicia\u00e7\u00e3o cient\u00edfica, mestrado e doutorado. Linhas de pesquisa Processamento de Sinais Ac\u00fasticos, Psicoac\u00fastica, Ac\u00fastica de Ambientes e Realidade Virtual Ac\u00fastica: Bruno Masiero Escuta de M\u00e1quina e Novas Interfaces para Express\u00e3o Musical: Tiago Tavares [&hellip;]<\/p>\n","protected":false},"author":2,"featured_media":0,"parent":0,"menu_order":4,"comment_status":"closed","ping_status":"closed","template":"","meta":{"footnotes":""},"class_list":["post-16","page","type-page","status-publish","hentry"],"_links":{"self":[{"href":"https:\/\/timba.nics.unicamp.br\/index.php\/wp-json\/wp\/v2\/pages\/16","targetHints":{"allow":["GET"]}}],"collection":[{"href":"https:\/\/timba.nics.unicamp.br\/index.php\/wp-json\/wp\/v2\/pages"}],"about":[{"href":"https:\/\/timba.nics.unicamp.br\/index.php\/wp-json\/wp\/v2\/types\/page"}],"author":[{"embeddable":true,"href":"https:\/\/timba.nics.unicamp.br\/index.php\/wp-json\/wp\/v2\/users\/2"}],"replies":[{"embeddable":true,"href":"https:\/\/timba.nics.unicamp.br\/index.php\/wp-json\/wp\/v2\/comments?post=16"}],"version-history":[{"count":4,"href":"https:\/\/timba.nics.unicamp.br\/index.php\/wp-json\/wp\/v2\/pages\/16\/revisions"}],"predecessor-version":[{"id":38,"href":"https:\/\/timba.nics.unicamp.br\/index.php\/wp-json\/wp\/v2\/pages\/16\/revisions\/38"}],"wp:attachment":[{"href":"https:\/\/timba.nics.unicamp.br\/index.php\/wp-json\/wp\/v2\/media?parent=16"}],"curies":[{"name":"wp","href":"https:\/\/api.w.org\/{rel}","templated":true}]}}