{"id":20,"date":"2017-10-15T14:52:13","date_gmt":"2017-10-15T14:52:13","guid":{"rendered":"https:\/\/timba.nics.unicamp.br\/?page_id=20"},"modified":"2021-12-10T20:50:54","modified_gmt":"2021-12-10T20:50:54","slug":"como-conseguir-o-certificado","status":"publish","type":"page","link":"https:\/\/timba.nics.unicamp.br\/index.php\/como-conseguir-o-certificado\/","title":{"rendered":"Como conseguir o certificado"},"content":{"rendered":"<div id=\"ez-toc-container\" class=\"ez-toc-v2_0_82_2 counter-hierarchy ez-toc-counter ez-toc-transparent ez-toc-container-direction\">\n<p class=\"ez-toc-title\" style=\"cursor:inherit\">\u00cdndice<\/p>\n<label for=\"ez-toc-cssicon-toggle-item-69d4b395ac254\" class=\"ez-toc-cssicon-toggle-label\"><span class=\"\"><span class=\"eztoc-hide\" style=\"display:none;\">Toggle<\/span><span class=\"ez-toc-icon-toggle-span\"><svg style=\"fill: #999;color:#999\" xmlns=\"http:\/\/www.w3.org\/2000\/svg\" class=\"list-377408\" width=\"20px\" height=\"20px\" viewBox=\"0 0 24 24\" fill=\"none\"><path d=\"M6 6H4v2h2V6zm14 0H8v2h12V6zM4 11h2v2H4v-2zm16 0H8v2h12v-2zM4 16h2v2H4v-2zm16 0H8v2h12v-2z\" fill=\"currentColor\"><\/path><\/svg><svg style=\"fill: #999;color:#999\" class=\"arrow-unsorted-368013\" xmlns=\"http:\/\/www.w3.org\/2000\/svg\" width=\"10px\" height=\"10px\" viewBox=\"0 0 24 24\" version=\"1.2\" baseProfile=\"tiny\"><path d=\"M18.2 9.3l-6.2-6.3-6.2 6.3c-.2.2-.3.4-.3.7s.1.5.3.7c.2.2.4.3.7.3h11c.3 0 .5-.1.7-.3.2-.2.3-.5.3-.7s-.1-.5-.3-.7zM5.8 14.7l6.2 6.3 6.2-6.3c.2-.2.3-.5.3-.7s-.1-.5-.3-.7c-.2-.2-.4-.3-.7-.3h-11c-.3 0-.5.1-.7.3-.2.2-.3.5-.3.7s.1.5.3.7z\"\/><\/svg><\/span><\/span><\/label><input type=\"checkbox\"  id=\"ez-toc-cssicon-toggle-item-69d4b395ac254\"  aria-label=\"Alternar\" \/><nav><ul class='ez-toc-list ez-toc-list-level-1 ' ><li class='ez-toc-page-1 ez-toc-heading-level-1'><a class=\"ez-toc-link ez-toc-heading-1\" href=\"https:\/\/timba.nics.unicamp.br\/index.php\/como-conseguir-o-certificado\/#Sobre_o_certificado\" >Sobre o certificado<\/a><ul class='ez-toc-list-level-2' ><li class='ez-toc-heading-level-2'><a class=\"ez-toc-link ez-toc-heading-2\" href=\"https:\/\/timba.nics.unicamp.br\/index.php\/como-conseguir-o-certificado\/#Como_solicito_o_certificado\" >Como solicito o certificado?<\/a><\/li><li class='ez-toc-page-1 ez-toc-heading-level-2'><a class=\"ez-toc-link ez-toc-heading-3\" href=\"https:\/\/timba.nics.unicamp.br\/index.php\/como-conseguir-o-certificado\/#Qualquer_pessoa_pode_obter_o_certificado\" >Qualquer pessoa pode obter o certificado?<\/a><\/li><\/ul><\/li><li class='ez-toc-page-1 ez-toc-heading-level-1'><a class=\"ez-toc-link ez-toc-heading-4\" href=\"https:\/\/timba.nics.unicamp.br\/index.php\/como-conseguir-o-certificado\/#Duvidas_comuns_sobre_as_disciplinas_do_certificado\" >D\u00favidas comuns sobre as disciplinas do certificado<\/a><ul class='ez-toc-list-level-2' ><li class='ez-toc-heading-level-2'><a class=\"ez-toc-link ez-toc-heading-5\" href=\"https:\/\/timba.nics.unicamp.br\/index.php\/como-conseguir-o-certificado\/#Preciso_fazer_Introducao_a_Engenharia_de_Som_antes_de_Engenharia_de_Som\" >Preciso fazer Introdu\u00e7\u00e3o \u00e0 Engenharia de Som antes de Engenharia de Som?<\/a><\/li><li class='ez-toc-page-1 ez-toc-heading-level-2'><a class=\"ez-toc-link ez-toc-heading-6\" href=\"https:\/\/timba.nics.unicamp.br\/index.php\/como-conseguir-o-certificado\/#Engenharia_de_Som_I_e_pre-requisito_para_Engenharia_de_Som_II\" >Engenharia de Som I \u00e9 pr\u00e9-requisito para Engenharia de Som II?<\/a><\/li><li class='ez-toc-page-1 ez-toc-heading-level-2'><a class=\"ez-toc-link ez-toc-heading-7\" href=\"https:\/\/timba.nics.unicamp.br\/index.php\/como-conseguir-o-certificado\/#Quais_sao_as_eletivas_validas_para_o_certificado\" >Quais s\u00e3o as eletivas v\u00e1lidas para o certificado?<\/a><\/li><li class='ez-toc-page-1 ez-toc-heading-level-2'><a class=\"ez-toc-link ez-toc-heading-8\" href=\"https:\/\/timba.nics.unicamp.br\/index.php\/como-conseguir-o-certificado\/#O_que_e_a_pesquisa_necessaria_ao_certificado\" >O que \u00e9 a pesquisa necess\u00e1ria ao certificado?<\/a><\/li><li class='ez-toc-page-1 ez-toc-heading-level-2'><a class=\"ez-toc-link ez-toc-heading-9\" href=\"https:\/\/timba.nics.unicamp.br\/index.php\/como-conseguir-o-certificado\/#Quando_as_disciplinas_sao_oferecidas\" >Quando as disciplinas s\u00e3o oferecidas?<\/a><\/li><li class='ez-toc-page-1 ez-toc-heading-level-2'><a class=\"ez-toc-link ez-toc-heading-10\" href=\"https:\/\/timba.nics.unicamp.br\/index.php\/como-conseguir-o-certificado\/#Como_convalidar_creditos_de_Engenharia_de_Som_na_pos-graduacao\" >Como convalidar cr\u00e9ditos de Engenharia de Som na p\u00f3s-gradua\u00e7\u00e3o<\/a><\/li><li class='ez-toc-page-1 ez-toc-heading-level-2'><a class=\"ez-toc-link ez-toc-heading-11\" href=\"https:\/\/timba.nics.unicamp.br\/index.php\/como-conseguir-o-certificado\/#Existem_habilidades_nao_ligadas_a_matematica_e_que_tambem_serao_exercitadas_no_curso\" >Existem habilidades n\u00e3o ligadas \u00e0 matem\u00e1tica e que tamb\u00e9m ser\u00e3o exercitadas no curso?<\/a><\/li><li class='ez-toc-page-1 ez-toc-heading-level-2'><a class=\"ez-toc-link ez-toc-heading-12\" href=\"https:\/\/timba.nics.unicamp.br\/index.php\/como-conseguir-o-certificado\/#Preciso_saber_teoria_musical_ou_tocar_instrumentos_para_fazer_Engenharia_de_Som\" >Preciso saber teoria musical ou tocar instrumentos para fazer Engenharia de Som?<\/a><\/li><\/ul><\/li><li class='ez-toc-page-1 ez-toc-heading-level-1'><a class=\"ez-toc-link ez-toc-heading-13\" href=\"https:\/\/timba.nics.unicamp.br\/index.php\/como-conseguir-o-certificado\/#Outras_recomendacoes\" >Outras recomenda\u00e7\u00f5es<\/a><\/li><li class='ez-toc-page-1 ez-toc-heading-level-1'><a class=\"ez-toc-link ez-toc-heading-14\" href=\"https:\/\/timba.nics.unicamp.br\/index.php\/como-conseguir-o-certificado\/#E_o_futuro\" >E o futuro?<\/a><\/li><\/ul><\/nav><\/div>\n<h1><span class=\"ez-toc-section\" id=\"Sobre_o_certificado\"><\/span>Sobre o certificado<span class=\"ez-toc-section-end\"><\/span><\/h1>\n<p>O certificado de Engenharia de Som da FEEC foi regulamentado pela primeira vez na instru\u00e7\u00e3o <a href=\"http:\/\/www.fee.unicamp.br\/node\/569\">19\/1994 da CG\/FEEC<\/a>. Depois disso, a reda\u00e7\u00e3o e os certificados passaram por v\u00e1rias atualiza\u00e7\u00f5es, e a norma que est\u00e1 vigente hoje est\u00e1 no <a href=\"https:\/\/www.dac.unicamp.br\/sistemas\/catalogos\/grad\/catalogo2019\/proposta\/sug34.html\">cat\u00e1logo dos cursos de gradua\u00e7\u00e3o da FEEC<\/a>\u00a0 O certificado est\u00e1 dispon\u00edvel para <strong>qualquer aluno da Unicamp<\/strong>. Para obter o certificado, voc\u00ea deve cursar (com aprova\u00e7\u00e3o!) algumas disciplinas. A ementa delas tende a variar um pouco com o tempo, embora os temas centrais sejam mantidos:<\/p>\n<ul>\n<li>EG938 (Engenharia de Som I), 4 cr\u00e9ditos: ac\u00fastica, ac\u00fastica de salas, circuitos eletr\u00f4nicos, alto-falantes.<\/li>\n<li>EG940 (Engenharia de Som II), 4 cr\u00e9ditos: processamento digital de sinais, s\u00edntese de \u00e1udio e escuta de m\u00e1quina.<\/li>\n<li>EE838 <strong>ou<\/strong> EE840 (Introdu\u00e7\u00e3o \u00e0 Engenharia de Som I e II), 2 cr\u00e9ditos cada uma: s\u00e9rie de palestras sobre campos de pesquisa ligados \u00e0 engenharia de som.<\/li>\n<li>M\u00ednimo de 4 cr\u00e9ditos entre disciplinas CV908, HL221, HL321, HL341, EM607,<br \/>\nEM862,CS200, CS300, qualquer disciplina do tipo MUXXX ou qualquer disciplina do tipo MPXXX.<\/li>\n<li>Ao menos 6 cr\u00e9ditos entre as disciplinas EA006, EE015, EE016 e EE017 (ou disciplinas equivalentes de est\u00e1gio, inicia\u00e7\u00e3o cient\u00edfica ou trabalho de formatura ofertada por outras faculdades). Os cr\u00e9ditos ser\u00e3o convalidados somente se o tema das disciplinas for diretamente relacionado \u00e0 \u00e1rea de Engenharia de Som, mediante parecer favor\u00e1vel do tutor.<\/li>\n<\/ul>\n<h2><span class=\"ez-toc-section\" id=\"Como_solicito_o_certificado\"><\/span><b>Como solicito o certificado?<\/b><span class=\"ez-toc-section-end\"><\/span><\/h2>\n<p>Depois de conclu\u00eddo os cr\u00e9ditos, entrar em contato por email com a <a href=\"https:\/\/www.fee.unicamp.br\/node\/478\" target=\"_blank\" rel=\"noopener\">secretaria de gradua\u00e7\u00e3o <\/a>da FEEC,\u00a0informando que deseja o Certificado em Engenharia de Som junto com seu nome, RA e quais as disciplinas (com respectivos cr\u00e9ditos) que comp\u00f5e o certificado que cursou. A pr\u00f3pria secretaria ir\u00e1 fornecer as informa\u00e7\u00f5es de como continuar com o processo.<\/p>\n<h2><span class=\"ez-toc-section\" id=\"Qualquer_pessoa_pode_obter_o_certificado\"><\/span><b>Qualquer pessoa pode obter o certificado?<\/b><span class=\"ez-toc-section-end\"><\/span><\/h2>\n<p>O certificado de engenharia de som pode ser emitido para qualquer <strong>aluno de gradua\u00e7\u00e3o da Unicamp<\/strong>, incluindo de \u00e1reas n\u00e3o-relacionadas \u00e0 engenharia. Veja a p\u00e1gina &#8220;<a href=\"https:\/\/timba.nics.unicamp.br\/index.php\/engenharia-de-som-para-nao-engenheiros\/\">Engenharia de Som para N\u00e3o-Engenheiros<\/a>&#8221; para mais informa\u00e7\u00f5es.<\/p>\n<p>Se voc\u00ea n\u00e3o \u00e9 for aluno de gradua\u00e7\u00e3o da Unicamp, voc\u00ea pode pleitear para assistir as aulas como <a href=\"https:\/\/www.dac.unicamp.br\/portal\/estude-na-unicamp\/estudante-especial\" target=\"_blank\" rel=\"noopener\">aluno especial<\/a>. Voc\u00ea receber\u00e1 um certificado de conclus\u00e3o da disciplina cursada, mas n\u00e3o estar\u00e1 apto a solicitar o certificado de estudos.<\/p>\n<h1><span class=\"ez-toc-section\" id=\"Duvidas_comuns_sobre_as_disciplinas_do_certificado\"><\/span>D\u00favidas comuns sobre as disciplinas do certificado<span class=\"ez-toc-section-end\"><\/span><\/h1>\n<h2><span class=\"ez-toc-section\" id=\"Preciso_fazer_Introducao_a_Engenharia_de_Som_antes_de_Engenharia_de_Som\"><\/span><b>Preciso fazer Introdu\u00e7\u00e3o \u00e0 Engenharia de Som antes de Engenharia de Som?<\/b><span class=\"ez-toc-section-end\"><\/span><\/h2>\n<p>N\u00e3o precisa em termos de cat\u00e1logo (n\u00e3o h\u00e1 rela\u00e7\u00e3o de pr\u00e9-requisitos a\u00ed), mas na disciplina de introdu\u00e7\u00e3o voc\u00ea vai ter contato com metodologia de trabalho cient\u00edfico e com vis\u00f5es gerais sobre o que est\u00e1 sendo feito na \u00e1rea. Isso vai acabar sendo \u00fatil nas disciplinas EGs, mas voc\u00ea provavelmente vai sobreviver sem.<\/p>\n<h2><span class=\"ez-toc-section\" id=\"Engenharia_de_Som_I_e_pre-requisito_para_Engenharia_de_Som_II\"><\/span><b>Engenharia de Som I \u00e9 pr\u00e9-requisito para Engenharia de Som II?<\/b><span class=\"ez-toc-section-end\"><\/span><\/h2>\n<p>N\u00e3o. Voc\u00ea pode faz\u00ea-las em qualquer ordem. O motivo da divis\u00e3o \u00e9 que s\u00e3o dois temas diferentes, mas que acabam levando o mesmo r\u00f3tulo. Se voc\u00ea preferir, pode chamar Engenharia de Som I de &#8220;Eletroac\u00fastica&#8221; e Engenharia de Som II de &#8220;An\u00e1lise e S\u00edntese de Sinais de \u00c1udio&#8221;.<\/p>\n<h2><span class=\"ez-toc-section\" id=\"Quais_sao_as_eletivas_validas_para_o_certificado\"><\/span><b>Quais s\u00e3o as eletivas v\u00e1lidas para o certificado?<\/b><span class=\"ez-toc-section-end\"><\/span><\/h2>\n<p>No texto do certificado, marcamos <b>CV908, HL221, HL321, HL341, EM607, EM862, CS200, CS300, qualquer disciplina do tipo MUXXX ou qualquer disciplina do tipo MPXXX<\/b>. Elas foram escolhidas com o crit\u00e9rio de &#8220;qualquer disciplina relacionada \u00e0 Engenharia de Som e que n\u00e3o seja oferecida pela FEEC&#8221;. O texto do certificado permite que voc\u00ea fa\u00e7a outras disciplinas cujo assunto tamb\u00e9m seja ligado \u00e0 Engenharia de Som, mas que n\u00e3o fazem parte dessa lista, desde que o tutor do certificado concorde.<\/p>\n<h2><span class=\"ez-toc-section\" id=\"O_que_e_a_pesquisa_necessaria_ao_certificado\"><\/span><b>O que \u00e9 a pesquisa necess\u00e1ria ao certificado?<\/b><span class=\"ez-toc-section-end\"><\/span><\/h2>\n<p>S\u00e3o ao menos 6 meses de pesquisa em inicia\u00e7\u00e3o cient\u00edfica, est\u00e1gio ou trabalho de fim de curso, isto \u00e9, uma pesquisa orientada e institucionalmente reconhecida. O tema da pesquisa deve ser ligado \u00e0 Engenharia de Som. Essa pesquisa n\u00e3o precisa ser feita necessariamente na FEEC ou no IC, desde que o tema seja relacionado \u00e0 Engenharia de Som. O objetivo de termos essa exig\u00eancia no texto do certificado \u00e9 promover o aprendizado pr\u00e1tico relacionado \u00e0 execu\u00e7\u00e3o do m\u00e9todo cient\u00edfico e \u00e0 an\u00e1lise de resultados de pesquisa, isto \u00e9, a capacidade de resolver problemas reais.<\/p>\n<h2><span class=\"ez-toc-section\" id=\"Quando_as_disciplinas_sao_oferecidas\"><\/span><strong>Quando as disciplinas s\u00e3o oferecidas?<\/strong><span class=\"ez-toc-section-end\"><\/span><\/h2>\n<p>As disciplinas do certificado de engenharia de som t\u00eam oferecimento <strong>S5<\/strong>, ou seja, s\u00e3o oferecidas \u00e0 crit\u00e9rio da unidade. Hoje, estamos lutando para conseguir oferecer pelo menos uma delas semestralmente, fazendo um revezamento. Desta forma, ofereceremos cada uma das disciplinas a cada 2 anos. Isso n\u00e3o \u00e9 uma regra, mas \u00e9 algo que tentaremos sempre conseguir.<\/p>\n<h2><span class=\"ez-toc-section\" id=\"Como_convalidar_creditos_de_Engenharia_de_Som_na_pos-graduacao\"><\/span><b>Como convalidar cr\u00e9ditos de Engenharia de Som na p\u00f3s-gradua\u00e7\u00e3o<\/b><span class=\"ez-toc-section-end\"><\/span><\/h2>\n<p>As disciplinas da FEEC geralmente t\u00eam siglas EAnnn, EEnnn ou ETnnn. As siglas EG foram criadas para permitir fazer disciplinas de gradua\u00e7\u00e3o que acompanham disciplinas de p\u00f3s-gradua\u00e7\u00e3o. Isso significa que, ao fazer uma disciplina tipo EG, voc\u00ea pode tamb\u00e9m fazer a disciplina IA ou IE correspondente. Isso vai fazer com que os cr\u00e9ditos da disciplina possam ser convalidados caso voc\u00ea venha fazer mestrado no futuro.<\/p>\n<p>Claro que isso tamb\u00e9m significa que as disciplinas de engenharia de som ser\u00e3o oferecidas junto da p\u00f3s-gradua\u00e7\u00e3o, isto \u00e9, ser\u00e3o disciplinas de n\u00edvel de p\u00f3s-gradua\u00e7\u00e3o. Como boas disciplinas de p\u00f3s-gradua\u00e7\u00e3o, elas exigir\u00e3o dedica\u00e7\u00e3o, leitura e iniciativa, e v\u00e3o depender bastante das discuss\u00f5es conduzidas na aula.<\/p>\n<p>Para operacionalizar a matr\u00edcula na disciplina de p\u00f3s (IA\/IE) junto da EG, voc\u00ea vai operar em dois caminhos paralelos: o da gradua\u00e7\u00e3o e o da p\u00f3s. No caminho da gradua\u00e7\u00e3o, voc\u00ea se matricula na disciplina EG normalmente pelo sistema da DAC. No caminho da p\u00f3s, voc\u00ea dever\u00e1 seguir os seguintes passos:<\/p>\n<ol>\n<li>Fazer a pr\u00e9-matr\u00edcula como aluno especial da p\u00f3s-gradua\u00e7\u00e3o na FEEC. O prazo para isso costuma ser uns dois a tr\u00eas meses antes do fim do per\u00edodo letivo, isto \u00e9, perto de maio e perto de outubro, mas lembre-se de conferir isso no site da FEEC.<\/li>\n<li>Fazer a confirma\u00e7\u00e3o de matr\u00edcula como aluno especial da FEEC, e, nesta data, confirmar sua matr\u00edcula na disciplina IAxxx correspondente. Isso costuma ser feito junto da matr\u00edcula regular da p\u00f3s-gradua\u00e7\u00e3o da FEEC, mas, novamente, confira os prazos!<\/li>\n<\/ol>\n<p>As disciplinas da p\u00f3s t\u00eam notas baseadas em conceito (A, B, C, D, E) e as da gradua\u00e7\u00e3o t\u00eam uma nota que vai de 0 a 10. A convers\u00e3o de uma para a outra \u00e9 discutida no come\u00e7o do curso, junto com a ementa e o crit\u00e9rio de avalia\u00e7\u00e3o. A sua nota na disciplina da p\u00f3s \u00e9 aquela que seria se voc\u00ea tivesse feito a disciplina como aluno regular, mas s\u00f3 pode ser convalidada se o conceito for A ou B.<\/p>\n<p>A disciplina de p\u00f3s pode ser convalidada, com certeza, na FEEC. Se a sua p\u00f3s n\u00e3o for da FEEC, verifique no seu instituto se \u00e9 poss\u00edvel convalidar esses cr\u00e9ditos &#8211; quem decide isso \u00e9 a Comiss\u00e3o de P\u00f3s-Gradua\u00e7\u00e3o; passe l\u00e1 e pergunte!<\/p>\n<p>&nbsp;<\/p>\n<h2><span class=\"ez-toc-section\" id=\"Existem_habilidades_nao_ligadas_a_matematica_e_que_tambem_serao_exercitadas_no_curso\"><\/span><b>Existem habilidades n\u00e3o ligadas \u00e0 matem\u00e1tica e que tamb\u00e9m ser\u00e3o exercitadas no curso?<\/b><span class=\"ez-toc-section-end\"><\/span><\/h2>\n<p>Sim. Leitura de artigos cient\u00edficos (inclusive em ingl\u00eas), escrita cient\u00edfica, trabalho em grupo, organiza\u00e7\u00e3o de tempo, discuss\u00e3o em sala e reflex\u00e3o sobre aspectos est\u00e9ticos, po\u00e9ticos e t\u00e9cnicos de obras de arte, percep\u00e7\u00e3o (sob um ponto de vista sensorial). Isso n\u00e3o est\u00e1 na ementa, mas s\u00e3o habilidades que v\u00e3o ajudar muito a<\/p>\n<h2><span class=\"ez-toc-section\" id=\"Preciso_saber_teoria_musical_ou_tocar_instrumentos_para_fazer_Engenharia_de_Som\"><\/span><b>Preciso saber teoria musical ou tocar instrumentos para fazer Engenharia de Som?<\/b><span class=\"ez-toc-section-end\"><\/span><\/h2>\n<p>N\u00e3o, mas se voc\u00ea souber teoria musical ou tocar instrumentos, isso vai servir como ferramenta para pensar os problemas ligados \u00e0 Engenharia de Som. Definitivamente, saber m\u00fasica ajuda, mas n\u00e3o \u00e9 nem necess\u00e1rio nem suficiente para o curso.<\/p>\n<p>&nbsp;<\/p>\n<p>&nbsp;<\/p>\n<h1><span class=\"ez-toc-section\" id=\"Outras_recomendacoes\"><\/span>Outras recomenda\u00e7\u00f5es<span class=\"ez-toc-section-end\"><\/span><\/h1>\n<p>Embora essas recomenda\u00e7\u00f5es n\u00e3o sejam pr\u00e9-requisitos oficiais, provavelmente seu aproveitamento nas disciplinas de engenharia de som ser\u00e1 melhor se voc\u00ea:<\/p>\n<ul>\n<li>Entender um pouco de m\u00fasica (ler partituras, tocar algum instrumento, etc.)<\/li>\n<li>Souber programar computadores (qualquer linguagem, embora estejamos hoje inclinados a usar Python e MatLab)<\/li>\n<\/ul>\n<h1><span class=\"ez-toc-section\" id=\"E_o_futuro\"><\/span>E o futuro?<span class=\"ez-toc-section-end\"><\/span><\/h1>\n<p>Por favor, fiquem \u00e0 vontade para sugerir altera\u00e7\u00f5es no certificado &#8211; nos encontrem nos corredores da FEEC, em nossas salas, por e-mail ou na comunidade do Facebook. Gostar\u00edamos de mant\u00ea-lo sempre relevante e interessante aos nossos alunos.<\/p>\n<p>&nbsp;<\/p>\n<p>&nbsp;<\/p>\n<p>&nbsp;<\/p>\n<p>&nbsp;<\/p>\n","protected":false},"excerpt":{"rendered":"<p>Sobre o certificado O certificado de Engenharia de Som da FEEC foi regulamentado pela primeira vez na instru\u00e7\u00e3o 19\/1994 da CG\/FEEC. Depois disso, a reda\u00e7\u00e3o e os certificados passaram por v\u00e1rias atualiza\u00e7\u00f5es, e a norma que est\u00e1 vigente hoje est\u00e1 no cat\u00e1logo dos cursos de gradua\u00e7\u00e3o da FEEC\u00a0 O certificado est\u00e1 dispon\u00edvel para qualquer aluno [&hellip;]<\/p>\n","protected":false},"author":2,"featured_media":0,"parent":0,"menu_order":0,"comment_status":"closed","ping_status":"closed","template":"","meta":{"footnotes":""},"class_list":["post-20","page","type-page","status-publish","hentry"],"_links":{"self":[{"href":"https:\/\/timba.nics.unicamp.br\/index.php\/wp-json\/wp\/v2\/pages\/20","targetHints":{"allow":["GET"]}}],"collection":[{"href":"https:\/\/timba.nics.unicamp.br\/index.php\/wp-json\/wp\/v2\/pages"}],"about":[{"href":"https:\/\/timba.nics.unicamp.br\/index.php\/wp-json\/wp\/v2\/types\/page"}],"author":[{"embeddable":true,"href":"https:\/\/timba.nics.unicamp.br\/index.php\/wp-json\/wp\/v2\/users\/2"}],"replies":[{"embeddable":true,"href":"https:\/\/timba.nics.unicamp.br\/index.php\/wp-json\/wp\/v2\/comments?post=20"}],"version-history":[{"count":7,"href":"https:\/\/timba.nics.unicamp.br\/index.php\/wp-json\/wp\/v2\/pages\/20\/revisions"}],"predecessor-version":[{"id":138,"href":"https:\/\/timba.nics.unicamp.br\/index.php\/wp-json\/wp\/v2\/pages\/20\/revisions\/138"}],"wp:attachment":[{"href":"https:\/\/timba.nics.unicamp.br\/index.php\/wp-json\/wp\/v2\/media?parent=20"}],"curies":[{"name":"wp","href":"https:\/\/api.w.org\/{rel}","templated":true}]}}